{"id":2138,"date":"2026-03-25T14:33:55","date_gmt":"2026-03-25T14:33:55","guid":{"rendered":"https:\/\/www.mesogios.ro\/?page_id=2138"},"modified":"2026-03-25T15:43:21","modified_gmt":"2026-03-25T15:43:21","slug":"reducerea-risipei-alimentare","status":"publish","type":"page","link":"https:\/\/www.mesogios.ro\/en\/reducerea-risipei-alimentare\/","title":{"rendered":"(Rom\u00e2n\u0103) Reducerea Risipei Alimentare"},"content":{"rendered":"<p><\/p>\n<p>[vc_row][vc_column][vc_empty_space height=&#8221;200px&#8221;][vc_column_text]<strong>Reducerea Risipei Alimentare<\/strong><\/p>\n<p>Restaurantul Mesogios Seafood sus\u021bine utilizarea responsabil\u0103 a resurselor \u0219i combaterea risipei de alimente.<\/br><br \/>\n\u00cen conformitate cu Legea nr. 217\/2016, am implementat planul de m\u0103suri pentru diminuarea risipei alimentare, viz\u00e2nd optimizarea stocurilor, g\u0103tirea la comand\u0103 \u0219i oferirea op\u021biunii de ambalare la pachet pentru clien\u021bi.<\/br><br \/>\nPlanul de diminuare a risipei este depus \u0219i actualizat conform normelor MADR, asigur\u00e2nd totodat\u0103 gestionarea de\u0219eurilor prin unit\u0103\u021bi autorizate.<\/br><\/p>\n<p><a href=\"https:\/\/www.mesogios.ro\/Plan-diminuare-a-risipei-alimentare-Mesogios.pdf\">Planul de Diminuare a Risipei Alimentare<\/a><br \/>\n[\/vc_column_text][\/vc_column][\/vc_row]<\/p>\n<p><\/p>","protected":false},"excerpt":{"rendered":"<p>[vc_row][vc_column][vc_empty_space height=&#8221;200px&#8221;][vc_column_text]Reducerea Risipei Alimentare Restaurantul Mesogios Seafood sus\u021bine utilizarea responsabil\u0103 a resurselor \u0219i combaterea risipei de alimente. \u00cen conformitate cu Legea nr. 217\/2016, am implementat planul de m\u0103suri pentru diminuarea risipei alimentare, viz\u00e2nd optimizarea stocurilor, g\u0103tirea la comand\u0103 \u0219i oferirea op\u021biunii de ambalare la pachet pentru clien\u021bi. Planul de diminuare a risipei este depus \u0219i [&hellip;]<\/p>\n","protected":false},"author":5,"featured_media":0,"parent":0,"menu_order":0,"comment_status":"closed","ping_status":"closed","template":"","meta":[],"_links":{"self":[{"href":"https:\/\/www.mesogios.ro\/en\/wp-json\/wp\/v2\/pages\/2138"}],"collection":[{"href":"https:\/\/www.mesogios.ro\/en\/wp-json\/wp\/v2\/pages"}],"about":[{"href":"https:\/\/www.mesogios.ro\/en\/wp-json\/wp\/v2\/types\/page"}],"author":[{"embeddable":true,"href":"https:\/\/www.mesogios.ro\/en\/wp-json\/wp\/v2\/users\/5"}],"replies":[{"embeddable":true,"href":"https:\/\/www.mesogios.ro\/en\/wp-json\/wp\/v2\/comments?post=2138"}],"version-history":[{"count":6,"href":"https:\/\/www.mesogios.ro\/en\/wp-json\/wp\/v2\/pages\/2138\/revisions"}],"predecessor-version":[{"id":2144,"href":"https:\/\/www.mesogios.ro\/en\/wp-json\/wp\/v2\/pages\/2138\/revisions\/2144"}],"wp:attachment":[{"href":"https:\/\/www.mesogios.ro\/en\/wp-json\/wp\/v2\/media?parent=2138"}],"curies":[{"name":"wp","href":"https:\/\/api.w.org\/{rel}","templated":true}]}}